{"id":2734,"date":"2024-09-26T08:47:51","date_gmt":"2024-09-26T06:47:51","guid":{"rendered":"https:\/\/kernfunke.com\/contacta-con-nosotros\/"},"modified":"2026-03-30T18:28:07","modified_gmt":"2026-03-30T16:28:07","slug":"contacta-con-nosotros","status":"publish","type":"page","link":"https:\/\/kernfunke.com\/es\/contacta-con-nosotros\/","title":{"rendered":"Contacto"},"content":{"rendered":"<div class=\"gb-container gb-container-c62aebb6 alignfull kf-section\">\n<div class=\"gb-container gb-container-b943468d kf-section__inner--1200\">\n\n<h1 class=\"gb-headline gb-headline-2af1bee0 gb-headline-text\">Hablemos de su proyecto<\/h1>\n\n<\/div>\n<\/div>\n\n<div class=\"gb-container gb-container-ef3544f4 alignfull kf-section\">\n<div class=\"gb-container gb-container-e49afc28 kf-section__inner--1200\">\n\n<p class=\"gb-headline gb-headline-31f5df1f gb-headline-text\">Ya sea que necesite tan solo una auditor\u00eda t\u00e9cnica de su sitio web, optimizar el SEO y la conversi\u00f3n (CRO), o est\u00e9 planificando un redise\u00f1o, un nuevo comercio electr\u00f3nico o el desarrollo completo de una p\u00e1gina web, estamos aqu\u00ed para ayudarle.<\/p>\n\n\n\n<p class=\"gb-headline gb-headline-23c955a1 gb-headline-text\">Contando con equipos personalizados, podemos apoyarle mucho m\u00e1s all\u00e1 del SEO\/CRO: impulsamos su empresa de forma interdisciplinar en el \u00e1mbito del marketing.<\/p>\n\n\n\n<p class=\"gb-headline gb-headline-7127a2ec gb-headline-text\">No queremos saturarle con lo que podr\u00edamos hacer si no es necesario. Por eso, le proponemos una conversaci\u00f3n personal y sin compromiso para analizar c\u00f3mo podemos ayudarle a alcanzar sus objetivos. <\/p>\n\n\n\n<p class=\"gb-headline gb-headline-a263d473 gb-headline-text\"><strong><em>Estamos deseando conocer su proyecto y dise\u00f1ar una estrategia ajustada a sus necesidades.<\/em><\/strong><\/p>\n\n<\/div>\n<\/div>\n\n<div class=\"gb-container gb-container-52e6a0c2 alignfull kf-section\">\n<div class=\"gb-container gb-container-10e9c121 kf-box kf-section__inner--1400 kf-section__inner--fx-center-col\">\n<div class=\"gb-container gb-container-403be634 kf-section__inner--1200\">\n\n<h3 class=\"gb-headline gb-headline-b36b7da6 gb-headline-text\">Cont\u00e1ctanos a trav\u00e9s de la informaci\u00f3n de contacto que aparece a continuaci\u00f3n o reserva directamente una cita para una consulta gratuita con nuestro CEO, <a href=\"https:\/\/kernfunke.com\/es\/equipo\/rene\/\" data-type=\"page\" data-id=\"2905\">Ren\u00e9<\/a>.<\/h3>\n\n<\/div>\n<\/div>\n<\/div>\n\n<div class=\"gb-container gb-container-ca50a9f0 alignfull kf-section\">\n<div class=\"gb-container gb-container-dcda7cd6 kf-section__inner--1200\">\n<div class=\"gb-container gb-container-7ff7e7c4 direct_contact_container kf-box kf-contact-jumpbox\"><a class=\"gb-container-link\" href=\"mailto:info@kernfunke.com\"><\/a>\n\n<figure class=\"gb-block-image gb-block-image-b729af2e\"><img loading=\"lazy\" decoding=\"async\" width=\"43\" height=\"37\" class=\"gb-image gb-image-b729af2e contact_icon\" src=\"https:\/\/kernfunke.com\/wp-content\/uploads\/email-1.svg\" alt=\"\" title=\"correo electr\u00f3nico\"\/><\/figure>\n\n\n<div class=\"gb-container gb-container-a8fc11ca\">\n\n<p class=\"gb-headline gb-headline-3eba8e6a gb-headline-text gbp-contact__sub-contact__heading\">Correo electr\u00f3nico<\/p>\n\n\n\n<p class=\"gb-headline gb-headline-73eedb2c gb-headline-text gbp-contact__sub-contact__content\"><a href=\"mailto:info@kernfunke.com\">info@kernfunke.com<\/a><\/p>\n\n<\/div>\n<\/div>\n\n<div class=\"gb-container gb-container-7cf82b6a direct_contact_container kf-box kf-contact-jumpbox\"><a class=\"gb-container-link\" href=\"tel:+499191839910\"><\/a>\n\n<figure class=\"gb-block-image gb-block-image-9cf5ebb8\"><img loading=\"lazy\" decoding=\"async\" width=\"28\" height=\"39\" class=\"gb-image gb-image-9cf5ebb8 contact_icon\" src=\"https:\/\/kernfunke.com\/wp-content\/uploads\/phone.svg\" alt=\"\" title=\"tel\u00e9fono\"\/><\/figure>\n\n\n<div class=\"gb-container gb-container-61cfaf38\">\n\n<p class=\"gb-headline gb-headline-8d32daa7 gb-headline-text gbp-contact__sub-contact__heading\">Tel\u00e9fono<\/p>\n\n\n\n<p class=\"gb-headline gb-headline-dc08bfc2 gb-headline-text gbp-contact__sub-contact__content\"><a href=\"tel:+499191839910\">+49 (0) 9191 &#8211; 839910<\/a><\/p>\n\n<\/div>\n<\/div>\n<\/div>\n<\/div>\n\n<div class=\"gb-container gb-container-0bcea625 kf-section\">\n<div class=\"gb-container gb-container-e86858fb kf-section__inner--1200\">\n<div class=\"gb-container gb-container-4272f3ff gbp-contact__certificates--grid\">\n\n<figure class=\"gb-block-image gb-block-image-6bbcb147\"><img loading=\"lazy\" decoding=\"async\" width=\"718\" height=\"404\" class=\"gb-image gb-image-6bbcb147\" src=\"https:\/\/kernfunke.com\/wp-content\/uploads\/WordPress-logo.png\" alt=\"\" title=\"WordPress\" srcset=\"https:\/\/kernfunke.com\/wp-content\/uploads\/WordPress-logo.png 718w, https:\/\/kernfunke.com\/wp-content\/uploads\/WordPress-logo-300x169.png 300w\" sizes=\"auto, (max-width: 718px) 100vw, 718px\" \/><\/figure>\n\n\n\n<figure class=\"gb-block-image gb-block-image-c76c46f7\"><img loading=\"lazy\" decoding=\"async\" width=\"1096\" height=\"382\" class=\"gb-image gb-image-c76c46f7\" src=\"https:\/\/kernfunke.com\/wp-content\/uploads\/Was-ist-WooCommerce.png\" alt=\"\" title=\"WooCommerce\" srcset=\"https:\/\/kernfunke.com\/wp-content\/uploads\/Was-ist-WooCommerce.png 1096w, https:\/\/kernfunke.com\/wp-content\/uploads\/Was-ist-WooCommerce-300x105.png 300w, https:\/\/kernfunke.com\/wp-content\/uploads\/Was-ist-WooCommerce-1024x357.png 1024w, https:\/\/kernfunke.com\/wp-content\/uploads\/Was-ist-WooCommerce-768x268.png 768w\" sizes=\"auto, (max-width: 1096px) 100vw, 1096px\" \/><\/figure>\n\n\n\n<figure class=\"gb-block-image gb-block-image-04f87564\"><img loading=\"lazy\" decoding=\"async\" width=\"851\" height=\"215\" class=\"gb-image gb-image-04f87564\" src=\"https:\/\/kernfunke.com\/wp-content\/uploads\/Logo-shopware-AG.png\" alt=\"\" title=\"Tienda\" srcset=\"https:\/\/kernfunke.com\/wp-content\/uploads\/Logo-shopware-AG.png 851w, https:\/\/kernfunke.com\/wp-content\/uploads\/Logo-shopware-AG-300x76.png 300w, https:\/\/kernfunke.com\/wp-content\/uploads\/Logo-shopware-AG-768x194.png 768w\" sizes=\"auto, (max-width: 851px) 100vw, 851px\" \/><\/figure>\n\n\n\n<figure class=\"gb-block-image gb-block-image-3380f455\"><img loading=\"lazy\" decoding=\"async\" width=\"2560\" height=\"1440\" class=\"gb-image gb-image-3380f455\" src=\"https:\/\/kernfunke.com\/wp-content\/uploads\/ChatGPT.png\" alt=\"\" title=\"ChatGPT\" srcset=\"https:\/\/kernfunke.com\/wp-content\/uploads\/ChatGPT.png 2560w, https:\/\/kernfunke.com\/wp-content\/uploads\/ChatGPT-300x169.png 300w, https:\/\/kernfunke.com\/wp-content\/uploads\/ChatGPT-1024x576.png 1024w, https:\/\/kernfunke.com\/wp-content\/uploads\/ChatGPT-768x432.png 768w, https:\/\/kernfunke.com\/wp-content\/uploads\/ChatGPT-1536x864.png 1536w, https:\/\/kernfunke.com\/wp-content\/uploads\/ChatGPT-2048x1152.png 2048w\" sizes=\"auto, (max-width: 2560px) 100vw, 2560px\" \/><\/figure>\n\n\n\n<figure class=\"gb-block-image gb-block-image-50b11a92\"><img loading=\"lazy\" decoding=\"async\" width=\"888\" height=\"500\" class=\"gb-image gb-image-50b11a92\" src=\"https:\/\/kernfunke.com\/wp-content\/uploads\/Copilot-Emblem.png\" alt=\"\" title=\"Copiloto\" srcset=\"https:\/\/kernfunke.com\/wp-content\/uploads\/Copilot-Emblem.png 888w, https:\/\/kernfunke.com\/wp-content\/uploads\/Copilot-Emblem-300x169.png 300w, https:\/\/kernfunke.com\/wp-content\/uploads\/Copilot-Emblem-768x432.png 768w\" sizes=\"auto, (max-width: 888px) 100vw, 888px\" \/><\/figure>\n\n\n\n<figure class=\"gb-block-image gb-block-image-6deeaf0d\"><img loading=\"lazy\" decoding=\"async\" width=\"865\" height=\"250\" class=\"gb-image gb-image-6deeaf0d\" src=\"https:\/\/kernfunke.com\/wp-content\/uploads\/Claude.svg\" alt=\"\" title=\"Claude\"\/><\/figure>\n\n<\/div>\n<\/div>\n<\/div>","protected":false},"excerpt":{"rendered":"<p>Hablemos de su proyecto Ya sea que necesite tan solo una auditor\u00eda t\u00e9cnica de su sitio web, optimizar el SEO y la conversi\u00f3n (CRO), o est\u00e9 planificando un redise\u00f1o, un nuevo comercio electr\u00f3nico o el desarrollo completo de una p\u00e1gina web, estamos aqu\u00ed para ayudarle. Contando con equipos personalizados, podemos apoyarle mucho m\u00e1s all\u00e1 del &#8230; <a title=\"Contacto\" class=\"read-more\" href=\"https:\/\/kernfunke.com\/es\/contacta-con-nosotros\/\" aria-label=\"Leer m\u00e1s sobre Contacto\">Leer m\u00e1s<\/a><\/p>\n","protected":false},"author":3,"featured_media":0,"parent":0,"menu_order":0,"comment_status":"closed","ping_status":"closed","template":"","meta":{"_seopress_robots_primary_cat":"","_seopress_titles_title":"","_seopress_titles_desc":"","_seopress_robots_index":"","content-type":"","footnotes":""},"class_list":["post-2734","page","type-page","status-publish"],"_links":{"self":[{"href":"https:\/\/kernfunke.com\/es\/wp-json\/wp\/v2\/pages\/2734","targetHints":{"allow":["GET"]}}],"collection":[{"href":"https:\/\/kernfunke.com\/es\/wp-json\/wp\/v2\/pages"}],"about":[{"href":"https:\/\/kernfunke.com\/es\/wp-json\/wp\/v2\/types\/page"}],"author":[{"embeddable":true,"href":"https:\/\/kernfunke.com\/es\/wp-json\/wp\/v2\/users\/3"}],"replies":[{"embeddable":true,"href":"https:\/\/kernfunke.com\/es\/wp-json\/wp\/v2\/comments?post=2734"}],"version-history":[{"count":10,"href":"https:\/\/kernfunke.com\/es\/wp-json\/wp\/v2\/pages\/2734\/revisions"}],"predecessor-version":[{"id":3023,"href":"https:\/\/kernfunke.com\/es\/wp-json\/wp\/v2\/pages\/2734\/revisions\/3023"}],"wp:attachment":[{"href":"https:\/\/kernfunke.com\/es\/wp-json\/wp\/v2\/media?parent=2734"}],"curies":[{"name":"wp","href":"https:\/\/api.w.org\/{rel}","templated":true}]}}