{"id":2757,"date":"2025-11-05T13:28:35","date_gmt":"2025-11-05T12:28:35","guid":{"rendered":"https:\/\/kernfunke.com\/conocimientos\/"},"modified":"2025-11-17T17:07:29","modified_gmt":"2025-11-17T16:07:29","slug":"conocimientos","status":"publish","type":"page","link":"https:\/\/kernfunke.com\/es\/conocimientos\/","title":{"rendered":"Conocimientos"},"content":{"rendered":"<div class=\"gb-container gb-container-6e5a40b7 gbp-section\">\n<div class=\"gb-container gb-container-2e7e52b8 gbp-section__inner\">\n\n<h3 class=\"gb-headline gb-headline-849dbd28 gb-headline-text\">Centro de conocimiento gratuito<\/h3>\n\n\n\n<h1 class=\"gb-headline gb-headline-4979b78c gb-headline-text\">Tu hoja de ruta hacia el futuro digital: tres gu\u00edas para PYMEs<\/h1>\n\n\n\n<p class=\"gb-headline gb-headline-05cc82da gb-headline-text\">La transformaci\u00f3n digital no es un sprint, es un viaje estrat\u00e9gico. Kernfunke ha destilado el complejo mundo de la IA, la automatizaci\u00f3n y la visibilidad digital en tres manuales pr\u00e1cticos. Elige el punto de entrada que se adapte a tus objetivos o \u00e1brete camino sistem\u00e1ticamente a trav\u00e9s de los tres.<\/p>\n\n<\/div>\n<\/div><div class=\"gb-container gb-container-83149077 alignfull gbp-section\">\n<div class=\"gb-container gb-container-d3575516 kf-knowledge__papers--grid gbp-section__inner\">\n<div class=\"gb-container gb-container-9a443674\">\n\n<h5 class=\"gb-headline gb-headline-ec3333d3 gb-headline-text\"><strong>Libro de jugadas<\/strong><\/h5>\n\n\n\n<h3 class=\"gb-headline gb-headline-fed69837 gb-headline-text\"><strong>Visibilidad de la IA GEO<\/strong><\/h3>\n\n\n\n<figure class=\"gb-block-image gb-block-image-7f1867ad\"><a href=\"https:\/\/kernfunke.com\/geo-ki-sichtbarkeit-playbook\/\"><img loading=\"lazy\" decoding=\"async\" width=\"567\" height=\"567\" class=\"gb-image gb-image-7f1867ad\" src=\"https:\/\/kernfunke.com\/wp-content\/uploads\/Playbook-GEO.png\" alt=\"\" title=\"Libro de Juegos-GEO\" srcset=\"https:\/\/kernfunke.com\/wp-content\/uploads\/Playbook-GEO.png 567w, https:\/\/kernfunke.com\/wp-content\/uploads\/Playbook-GEO-300x300.png 300w, https:\/\/kernfunke.com\/wp-content\/uploads\/Playbook-GEO-150x150.png 150w\" sizes=\"auto, (max-width: 567px) 100vw, 567px\" \/><\/a><\/figure>\n\n\n\n<p class=\"gb-headline gb-headline-a6cdc5c2 gb-headline-text\">Visible en la b\u00fasqueda de IA, mientras tus competidores a\u00fan se lo est\u00e1n pensando. Construye ahora tu estrategia con este libro de jugadas.<\/p>\n\n\n\n<a class=\"gb-button gb-button-475d3a31 gb-button-text gbp-button--primary\" href=\"https:\/\/kernfunke.com\/geo-ki-sichtbarkeit-playbook\/\">Recuperar ahora<\/a>\n\n<\/div>\n\n<div class=\"gb-container gb-container-b964fb67\">\n\n<h5 class=\"gb-headline gb-headline-00f0587b gb-headline-text\"><strong>Libro de ejercicios<\/strong><\/h5>\n\n\n\n<h3 class=\"gb-headline gb-headline-be683672 gb-headline-text\"><strong><strong>Estrategia de IA<\/strong><\/strong><\/h3>\n\n\n\n<figure class=\"gb-block-image gb-block-image-b4c896bf\"><a href=\"https:\/\/kernfunke.com\/ki-strategie-workbook\/\"><img loading=\"lazy\" decoding=\"async\" width=\"567\" height=\"567\" class=\"gb-image gb-image-b4c896bf\" src=\"https:\/\/kernfunke.com\/wp-content\/uploads\/Workbook-KI.png\" alt=\"\" title=\"Cuaderno de trabajo AI\" srcset=\"https:\/\/kernfunke.com\/wp-content\/uploads\/Workbook-KI.png 567w, https:\/\/kernfunke.com\/wp-content\/uploads\/Workbook-KI-300x300.png 300w, https:\/\/kernfunke.com\/wp-content\/uploads\/Workbook-KI-150x150.png 150w\" sizes=\"auto, (max-width: 567px) 100vw, 567px\" \/><\/a><\/figure>\n\n\n\n<p class=\"gb-headline gb-headline-414ee530 gb-headline-text\">De la orientaci\u00f3n a la aplicaci\u00f3n cuantificable: el camino estructurado a trav\u00e9s de todas las fases de la estrategia de IA para tu equipo.<\/p>\n\n\n\n<a class=\"gb-button gb-button-c963ce50 gb-button-text gbp-button--primary\" href=\"https:\/\/kernfunke.com\/ki-strategie-workbook\/\">Recuperar ahora<\/a>\n\n<\/div>\n\n<div class=\"gb-container gb-container-b6c519a9\">\n\n<h5 class=\"gb-headline gb-headline-a1eaf49a gb-headline-text\"><strong>Libro de jugadas<\/strong><\/h5>\n\n\n\n<h3 class=\"gb-headline gb-headline-f6eb3166 gb-headline-text\"><strong><strong>IA y automatizaci\u00f3n<\/strong><\/strong><\/h3>\n\n\n\n<figure class=\"gb-block-image gb-block-image-08ecee23\"><a href=\"https:\/\/kernfunke.com\/whitepaper-ki-2024\/\"><img loading=\"lazy\" decoding=\"async\" width=\"567\" height=\"567\" class=\"gb-image gb-image-08ecee23\" src=\"https:\/\/kernfunke.com\/wp-content\/uploads\/Whitepaper-KI.png\" alt=\"\" title=\"Libro Blanco IA\" srcset=\"https:\/\/kernfunke.com\/wp-content\/uploads\/Whitepaper-KI.png 567w, https:\/\/kernfunke.com\/wp-content\/uploads\/Whitepaper-KI-300x300.png 300w, https:\/\/kernfunke.com\/wp-content\/uploads\/Whitepaper-KI-150x150.png 150w\" sizes=\"auto, (max-width: 567px) 100vw, 567px\" \/><\/a><\/figure>\n\n\n\n<p class=\"gb-headline gb-headline-5126a19f gb-headline-text\">Entender los fundamentos, ver ejemplos reales, construir el caso empresarial: tu introducci\u00f3n a la IA y la automatizaci\u00f3n.<\/p>\n\n\n\n<a class=\"gb-button gb-button-54f62efc gb-button-text gbp-button--primary\" href=\"https:\/\/kernfunke.com\/ki-automatisierung-playbook\/\">Recuperar ahora<\/a>\n\n<\/div>\n<\/div>\n<\/div><div class=\"gb-container gb-container-3fbe7282 gbp-section\">\n<div class=\"gb-container gb-container-79bd069d gbp-section__inner\">\n\n<h3 class=\"gb-headline gb-headline-f0894538 gb-headline-text\">Tendencias en IA, consejos pr\u00e1cticos, nuevos libros de jugadas &#8211; directamente a tu bandeja de entrada<\/h3>\n\n\n\n<h1 class=\"gb-headline gb-headline-cee97972 gb-headline-text\">Mantente siempre al d\u00eda<\/h1>\n\n\n<div class=\"gb-container gb-container-3511a8f4\">\n<div class=\"gb-container gb-container-9f60f84f gbp-section__inner\">\n\n<p class=\"gb-headline gb-headline-df2e192b gb-headline-text\">El cambio digital no es est\u00e1tico, y tus conocimientos tampoco deber\u00edan serlo. Nuestro bolet\u00edn mensual te ofrece las \u00faltimas novedades, casos de uso espec\u00edficos de PYMES y consejos exclusivos sobre automatizaci\u00f3n e integraci\u00f3n de IA. Gratuito, no vinculante, se puede cancelar en cualquier momento.<\/p>\n\n<\/div>\n\n<div class=\"gb-container gb-container-7a4506e6\">\n\n<figure class=\"gb-block- gb-block-image-348a4dd4 image\"><img loading=\"lazy\" decoding=\"async\" width=\"523\" height=\"304\" class=\"gb-image gb-image-348a4dd4 image\" src=\"https:\/\/kernfunke.com\/wp-content\/uploads\/1-Kernfunke-Vogel.svg\" alt=\"\" title=\"P\u00e1jaro de chispa de 1 n\u00facleo\"><\/figure>\n\n<\/div>\n<\/div>\n\n\n<a class=\"gb-button gb-button-22560f2b gb-button-text gbp-button--primary\" href=\"https:\/\/kernfunke.com\/newsletter\/\">Suscr\u00edbete al bolet\u00edn<\/a>\n\n<\/div>\n<\/div>","protected":false},"excerpt":{"rendered":"<p>Centro de conocimiento gratuito Tu hoja de ruta hacia el futuro digital: tres gu\u00edas para PYMEs La transformaci\u00f3n digital no es un sprint, es un viaje estrat\u00e9gico. Kernfunke ha destilado el complejo mundo de la IA, la automatizaci\u00f3n y la visibilidad digital en tres manuales pr\u00e1cticos. Elige el punto de entrada que se adapte a &#8230; <a title=\"Conocimientos\" class=\"read-more\" href=\"https:\/\/kernfunke.com\/es\/conocimientos\/\" aria-label=\"Leer m\u00e1s sobre Conocimientos\">Leer m\u00e1s<\/a><\/p>\n","protected":false},"author":1,"featured_media":0,"parent":0,"menu_order":0,"comment_status":"closed","ping_status":"closed","template":"","meta":{"_seopress_robots_primary_cat":"","_seopress_titles_title":"","_seopress_titles_desc":"","_seopress_robots_index":"","content-type":"","footnotes":""},"class_list":["post-2757","page","type-page","status-publish"],"_links":{"self":[{"href":"https:\/\/kernfunke.com\/es\/wp-json\/wp\/v2\/pages\/2757","targetHints":{"allow":["GET"]}}],"collection":[{"href":"https:\/\/kernfunke.com\/es\/wp-json\/wp\/v2\/pages"}],"about":[{"href":"https:\/\/kernfunke.com\/es\/wp-json\/wp\/v2\/types\/page"}],"author":[{"embeddable":true,"href":"https:\/\/kernfunke.com\/es\/wp-json\/wp\/v2\/users\/1"}],"replies":[{"embeddable":true,"href":"https:\/\/kernfunke.com\/es\/wp-json\/wp\/v2\/comments?post=2757"}],"version-history":[{"count":1,"href":"https:\/\/kernfunke.com\/es\/wp-json\/wp\/v2\/pages\/2757\/revisions"}],"predecessor-version":[{"id":2761,"href":"https:\/\/kernfunke.com\/es\/wp-json\/wp\/v2\/pages\/2757\/revisions\/2761"}],"wp:attachment":[{"href":"https:\/\/kernfunke.com\/es\/wp-json\/wp\/v2\/media?parent=2757"}],"curies":[{"name":"wp","href":"https:\/\/api.w.org\/{rel}","templated":true}]}}