{"id":2903,"date":"2024-02-21T11:13:53","date_gmt":"2024-02-21T10:13:53","guid":{"rendered":"https:\/\/kernfunke.com\/aviso-legal\/"},"modified":"2026-01-26T14:36:11","modified_gmt":"2026-01-26T13:36:11","slug":"aviso-legal","status":"publish","type":"page","link":"https:\/\/kernfunke.com\/es\/aviso-legal\/","title":{"rendered":"Aviso legal"},"content":{"rendered":"<div class=\"gb-container gb-container-0c47e21d\">\n<h1 class=\"gb-headline gb-headline-29c0421e gb-headline-text\">Aviso legal<\/h1>\n\n<div class=\"gb-container gb-container-66bf2175\">\n\n<h4 class=\"gb-headline gb-headline-b3c6033a gb-headline-text\">Informaci\u00f3n seg\u00fan \u00a7 5 TMG<\/h4>\n\n\n<div class=\"gb-grid-wrapper gb-grid-wrapper-46d3665b\">\n<div class=\"gb-grid-column gb-grid-column-4f5f70e0\"><div class=\"gb-container gb-container-4f5f70e0\">\n\n<p>KERNFUNKE GmbH &amp; Co KG<br\/>Fasanenstra\u00dfe 4<br\/>91301 Forchheim<\/p>\n\n\n\n<p>Handelsregister: HRA 12422<br\/>Registergericht: Amtsgericht Bamberg<\/p>\n\n<\/div><\/div>\n\n<div class=\"gb-grid-column gb-grid-column-da757131\"><div class=\"gb-container gb-container-da757131\">\n\n<p><strong>Representado<\/strong> por:<br\/>von Fournier Management GmbH<br\/>Representado por:<br\/>Ren\u00e9 von Fournier<br\/>Registro mercantil: HRB 9365<br\/>Juzgado de registro: Juzgado municipal de Bamberg<\/p>\n\n<\/div><\/div>\n<\/div>\n<\/div>\n\n<div class=\"gb-container gb-container-c8d7d960\">\n<div class=\"gb-grid-wrapper gb-grid-wrapper-7328fe79\">\n<div class=\"gb-grid-column gb-grid-column-b68e996e\"><div class=\"gb-container gb-container-b68e996e\">\n\n<h4 class=\"gb-headline gb-headline-b84f11ee gb-headline-text\">Contacto<\/h4>\n\n\n\n<p>Tel\u00e9fono: 09191839910<br\/>Fax: 091918399199<br\/>Correo electr\u00f3nico: info@kernfunke.com<\/p>\n\n<\/div><\/div>\n\n<div class=\"gb-grid-column gb-grid-column-a74c636d\"><div class=\"gb-container gb-container-a74c636d\">\n\n<h4 class=\"gb-headline gb-headline-f15dee2c gb-headline-text\">N\u00famero de identificaci\u00f3n fiscal<\/h4>\n\n\n\n<p>N\u00famero de identificaci\u00f3n del impuesto sobre el valor a\u00f1adido de conformidad con el art\u00edculo 27 a de la Ley del Impuesto sobre el Valor A\u00f1adido:<br\/>DE323687402<\/p>\n\n<\/div><\/div>\n<\/div>\n<\/div>\n\n<div class=\"gb-container gb-container-2f1572e9\">\n\n<h4 class=\"gb-headline gb-headline-a19cdea0 gb-headline-text\">Informaci\u00f3n sobre el seguro de responsabilidad profesional<\/h4>\n\n\n<div class=\"gb-grid-wrapper gb-grid-wrapper-a9e8e42e\">\n<div class=\"gb-grid-column gb-grid-column-ff2d57b6\"><div class=\"gb-container gb-container-ff2d57b6\">\n\n<p><strong>Nombre y domicilio social del asegurador:<\/strong><br\/>Markel Insurance SE<br\/>Sophienstr. 26, 80333 M\u00fanich<br\/>Alemania <\/p>\n\n<\/div><\/div>\n\n<div class=\"gb-grid-column gb-grid-column-57dd88c8\"><div class=\"gb-container gb-container-57dd88c8\">\n\n<p><strong>\u00c1mbito de validez del seguro:<\/strong><br\/>en todo el mundo<\/p>\n\n<\/div><\/div>\n<\/div>\n<\/div>\n\n\n<h4 class=\"gb-headline gb-headline-49bf4aa0 gb-headline-text\">Resoluci\u00f3n de litigios en la UE<\/h4>\n\n\n\n<p>La Comisi\u00f3n Europea ofrece una plataforma para la resoluci\u00f3n de litigios en l\u00ednea (OS): <a href=\"https:\/\/ec.europa.eu\/consumers\/odr\" target=\"_blank\" rel=\"noreferrer noopener\">https:\/\/ec.europa.eu\/consumers\/odr.<\/a><br\/>Puedes encontrar nuestra direcci\u00f3n de correo electr\u00f3nico en el aviso legal anterior.<\/p>\n\n\n\n<h4 class=\"gb-headline gb-headline-a6f64647 gb-headline-text\">Resoluci\u00f3n de litigios de consumo\/centro de arbitraje universal<\/h4>\n\n\n\n<p>No estamos dispuestos ni obligados a participar en procedimientos de resoluci\u00f3n de litigios ante una junta de arbitraje de consumo.<\/p>\n\n\n\n<h4 class=\"gb-headline gb-headline-a6fc148c gb-headline-text\">Responsabilidad por el contenido<\/h4>\n\n\n\n<p>Como proveedor de servicios, somos responsables de nuestro propio contenido en estas p\u00e1ginas de acuerdo con el art\u00edculo 7 (1) de la TMG (Ley alemana de Telemedios) y la legislaci\u00f3n general. Sin embargo, seg\u00fan los \u00a7\u00a7 8 a 10 de la TMG, como proveedor de servicios no estamos obligados a controlar la informaci\u00f3n de terceros transmitida o almacenada, ni a investigar circunstancias que indiquen una actividad ilegal.  <\/p>\n\n\n\n<p>Esto no afecta a las obligaciones de eliminar o bloquear el uso de informaci\u00f3n de acuerdo con la legislaci\u00f3n general. Sin embargo, la responsabilidad a este respecto s\u00f3lo ser\u00e1 posible a partir del momento en que tengamos conocimiento de una infracci\u00f3n concreta. Tan pronto como tengamos conocimiento de tales infracciones, eliminaremos este contenido inmediatamente.  <\/p>\n\n\n\n<h4 class=\"gb-headline gb-headline-4b588204 gb-headline-text\">Responsabilidad de los enlaces<\/h4>\n\n\n\n<p>Nuestro sitio web contiene enlaces a sitios web externos de terceros sobre cuyo contenido no tenemos ninguna influencia. Por lo tanto, no podemos aceptar ninguna responsabilidad por este contenido de terceros. El respectivo proveedor u operador de las p\u00e1ginas es siempre responsable del contenido de las p\u00e1ginas enlazadas. Las p\u00e1ginas enlazadas se comprobaron en el momento de enlazarlas para detectar posibles infracciones legales. No se reconocieron contenidos ilegales en el momento de establecer el enlace.    <\/p>\n\n\n\n<p>Sin embargo, la supervisi\u00f3n permanente del contenido de las p\u00e1ginas enlazadas no es razonable sin pruebas concretas de una infracci\u00f3n. Si tenemos conocimiento de alguna infracci\u00f3n legal, eliminaremos dichos enlaces inmediatamente. <\/p>\n\n\n\n<h4 class=\"gb-headline gb-headline-e3739bf1 gb-headline-text\">Derechos de autor<\/h4>\n\n\n\n<p>El contenido y las obras creadas por los operadores del sitio en estas p\u00e1ginas est\u00e1n sujetos a la legislaci\u00f3n alemana sobre derechos de autor. La duplicaci\u00f3n, procesamiento, distribuci\u00f3n y cualquier tipo de utilizaci\u00f3n fuera de los l\u00edmites de la ley de derechos de autor requieren el consentimiento por escrito del respectivo autor o creador. Las descargas y copias de este sitio s\u00f3lo est\u00e1n permitidas para uso privado y no comercial.  <\/p>\n\n\n\n<p>En la medida en que el contenido de este sitio no haya sido creado por el operador, se respetan los derechos de autor de terceros. En particular, el contenido de terceros est\u00e1 etiquetado como tal. No obstante, si tienes conocimiento de una infracci\u00f3n de los derechos de autor, inf\u00f3rmanos al respecto. Si tenemos conocimiento de alguna infracci\u00f3n, eliminaremos dicho contenido inmediatamente.   <\/p>\n\n<\/div>","protected":false},"excerpt":{"rendered":"<p>Aviso legal Informaci\u00f3n seg\u00fan \u00a7 5 TMG Informaci\u00f3n sobre el seguro de responsabilidad profesional Resoluci\u00f3n de litigios en la UE La Comisi\u00f3n Europea ofrece una plataforma para la resoluci\u00f3n de litigios en l\u00ednea (OS): https:\/\/ec.europa.eu\/consumers\/odr.Puedes encontrar nuestra direcci\u00f3n de correo electr\u00f3nico en el aviso legal anterior. Resoluci\u00f3n de litigios de consumo\/centro de arbitraje universal No &#8230; <a title=\"Aviso legal\" class=\"read-more\" href=\"https:\/\/kernfunke.com\/es\/aviso-legal\/\" aria-label=\"Leer m\u00e1s sobre Aviso legal\">Leer m\u00e1s<\/a><\/p>\n","protected":false},"author":3,"featured_media":0,"parent":0,"menu_order":0,"comment_status":"closed","ping_status":"closed","template":"","meta":{"_seopress_robots_primary_cat":"","_seopress_titles_title":"","_seopress_titles_desc":"","_seopress_robots_index":"s\u00ed","content-type":"","footnotes":""},"class_list":["post-2903","page","type-page","status-publish"],"_links":{"self":[{"href":"https:\/\/kernfunke.com\/es\/wp-json\/wp\/v2\/pages\/2903","targetHints":{"allow":["GET"]}}],"collection":[{"href":"https:\/\/kernfunke.com\/es\/wp-json\/wp\/v2\/pages"}],"about":[{"href":"https:\/\/kernfunke.com\/es\/wp-json\/wp\/v2\/types\/page"}],"author":[{"embeddable":true,"href":"https:\/\/kernfunke.com\/es\/wp-json\/wp\/v2\/users\/3"}],"replies":[{"embeddable":true,"href":"https:\/\/kernfunke.com\/es\/wp-json\/wp\/v2\/comments?post=2903"}],"version-history":[{"count":1,"href":"https:\/\/kernfunke.com\/es\/wp-json\/wp\/v2\/pages\/2903\/revisions"}],"predecessor-version":[{"id":2904,"href":"https:\/\/kernfunke.com\/es\/wp-json\/wp\/v2\/pages\/2903\/revisions\/2904"}],"wp:attachment":[{"href":"https:\/\/kernfunke.com\/es\/wp-json\/wp\/v2\/media?parent=2903"}],"curies":[{"name":"wp","href":"https:\/\/api.w.org\/{rel}","templated":true}]}}