{"id":2905,"date":"2025-10-22T14:42:29","date_gmt":"2025-10-22T12:42:29","guid":{"rendered":"https:\/\/kernfunke.com\/equipo\/rene\/"},"modified":"2026-01-26T14:37:36","modified_gmt":"2026-01-26T13:37:36","slug":"rene","status":"publish","type":"page","link":"https:\/\/kernfunke.com\/es\/equipo\/rene\/","title":{"rendered":"Ren\u00e9"},"content":{"rendered":"<div class=\"gb-container gb-container-a7daedef section_inner-mainpage-background-image kf-section\">\n<div class=\"gb-container gb-container-c3f2456b kf-section__inner--1200\">\n<div class=\"gb-container gb-container-466478c7 gbp-section__headline\">\n\n<h1 class=\"gb-headline gb-headline-77f371e9 gb-headline-text\">Hola, soy Ren\u00e9.<\/h1>\n\n<\/div>\n\n<div class=\"gb-container gb-container-f5e193f0\">\n<div class=\"gb-container gb-container-2aaaf9b6 kf-section__inner-grid-wrap\">\n<div class=\"gb-container gb-container-8b4f5983 kf-sectioninner-grid-2__content\">\n<div class=\"gb-container gb-container-41323076 gbp-team-tile__title kf-decoline-left\">\n\n<h3 class=\"gb-headline gb-headline-4dbf162d gb-headline-text kf-teammember__title--fontsize\">Ren\u00e9 von Fournier<\/h3>\n\n\n\n<p class=\"gb-headline gb-headline-69db73ae gb-headline-text\">CEO<\/p>\n\n<\/div>\n\n\n<p class=\"gb-headline gb-headline-86153c3f gb-headline-text\">El fundador y cerebro de Kernfunke, que conoce las necesidades de las PYME. \u00bfQuieres sumergirte directamente en las estrategias digitales adecuadas para ti y tu empresa? Entonces Ren\u00e9 es la persona adecuada para ti.  <\/p>\n\n\n\n<p class=\"gb-headline gb-headline-b3f45e28 gb-headline-text\">Conoce a Ren\u00e9 Kernfunke de primera mano y descubre c\u00f3mo podemos ayudarte a alcanzar el siguiente nivel digital.<\/p>\n\n<\/div>\n\n<div class=\"gb-container gb-container-95f5c6a2 kf-sectioninner-grid-2__content\">\n\n<figure class=\"gb-block-image gb-block-image-3a57511e\"><img loading=\"lazy\" decoding=\"async\" width=\"349\" height=\"347\" class=\"gb-image gb-image-3a57511e\" src=\"https:\/\/kernfunke.com\/wp-content\/uploads\/Rene-Fournier-1.png\" alt=\"\" title=\"Ren\u00e9 Fournier\" srcset=\"https:\/\/kernfunke.com\/wp-content\/uploads\/Rene-Fournier-1.png 349w, https:\/\/kernfunke.com\/wp-content\/uploads\/Rene-Fournier-1-300x298.png 300w, https:\/\/kernfunke.com\/wp-content\/uploads\/Rene-Fournier-1-150x150.png 150w\" sizes=\"auto, (max-width: 349px) 100vw, 349px\" \/><\/figure>\n\n<\/div>\n<\/div>\n<\/div>\n<\/div>\n<\/div><div class=\"gb-container gb-container-5d7ecdc7 kf-section kf-subpage-why-section__spacing\">\n<div class=\"gb-container gb-container-c81f4f66 kf-section__inner--1400 kf-box\">\n<div class=\"gb-container gb-container-b5788894 kf-section__inner--1200 kf-section__inner--fx-start-col\">\n\n<h2 class=\"gb-headline gb-headline-2debd37a gb-headline-text\">Pide cita ahora<\/h2>\n\n\n<div class=\"gb-container gb-container-9b45844a\">\n\n<div id=\"hubspot-meeting-container\"><\/div>\n<script>\n  function loadHubspotMeeting() {\n    var meetingsDiv = document.createElement(\"div\");\n    meetingsDiv.className = \"meetings-iframe-container\";\n    meetingsDiv.dataset.src = \"https:\/\/meetings-eu1.hubspot.com\/rene-von-fournier?embed=true\";\n    document.getElementById(\"hubspot-meeting-container\").appendChild(meetingsDiv);\n\n    var s = document.createElement(\"script\");\n    s.src = \"https:\/\/static.hsappstatic.net\/MeetingsEmbed\/ex\/MeetingsEmbedCode.js\";\n    document.body.appendChild(s);\n  }\n\n  \/\/ Direkt nach dem DOM-Ready laden (schneller als \"load\")\n  document.addEventListener(\"DOMContentLoaded\", loadHubspotMeeting);\n<\/script>\n\n<\/div>\n<\/div>\n<\/div>\n<\/div><div class=\"gb-container gb-container-ca50a9f0 alignfull kf-section\">\n<div class=\"gb-container gb-container-dcda7cd6 kf-section__inner--1200\">\n<div class=\"gb-container gb-container-7ff7e7c4 direct_contact_container kf-box kf-contact-jumpbox\"><a class=\"gb-container-link\" href=\"\/wp-content\/uploads\/vcards\/Rene_von_Fournier.vcf\"><\/a>\n\n<figure class=\"gb-block-image gb-block-image-b729af2e\"><img loading=\"lazy\" decoding=\"async\" width=\"64\" height=\"64\" class=\"gb-image gb-image-b729af2e team_contact_icon\" src=\"https:\/\/kernfunke.com\/wp-content\/uploads\/vcf-file-format-variant-svgrepo-com.svg\" alt=\"\" title=\"formato-archivo-vcf\"><\/figure>\n\n\n<div class=\"gb-container gb-container-a8fc11ca\">\n\n<p class=\"gb-headline gb-headline-3eba8e6a gb-headline-text gbp-contact__sub-contact__heading\">vCard<\/p>\n\n\n\n<p class=\"gb-headline gb-headline-73eedb2c gb-headline-text gbp-contact__sub-contact__content\"><a href=\"\/wp-content\/uploads\/vcards\/Rene_von_Fournier.vcf\">Tarjeta de visita digital<\/a><br><a href=\"#\">descargar<\/a><\/p>\n\n<\/div>\n<\/div>\n\n<div class=\"gb-container gb-container-7cf82b6a direct_contact_container kf-box kf-contact-jumpbox\"><a class=\"gb-container-link\" href=\"https:\/\/www.linkedin.com\/in\/ren%C3%A9-von-fournier-68456814a\/\" rel=\"noopener noreferrer\" target=\"_blank\"><\/a>\n\n<figure class=\"gb-block-image gb-block-image-9cf5ebb8\"><img loading=\"lazy\" decoding=\"async\" width=\"64\" height=\"64\" class=\"gb-image gb-image-9cf5ebb8 team_contact_icon\" src=\"https:\/\/kernfunke.com\/wp-content\/uploads\/linkedin-rounded-border-svgrepo-com.svg\" alt=\"\" title=\"linkedin\"><\/figure>\n\n\n<div class=\"gb-container gb-container-61cfaf38\">\n\n<p class=\"gb-headline gb-headline-8d32daa7 gb-headline-text gbp-contact__sub-contact__heading\">LinkedIn<\/p>\n\n\n\n<p class=\"gb-headline gb-headline-dc08bfc2 gb-headline-text gbp-contact__sub-contact__content\"><a href=\"https:\/\/www.linkedin.com\/in\/ren%C3%A9-von-fournier-68456814a\/\" target=\"_blank\" rel=\"noreferrer noopener\">Ren\u00e9 en LinkedIn<\/a><\/p>\n\n<\/div>\n<\/div>\n<\/div>\n<\/div>","protected":false},"excerpt":{"rendered":"<p>Hola, soy Ren\u00e9. Ren\u00e9 von Fournier CEO El fundador y cerebro de Kernfunke, que conoce las necesidades de las PYME. \u00bfQuieres sumergirte directamente en las estrategias digitales adecuadas para ti y tu empresa? Entonces Ren\u00e9 es la persona adecuada para ti. Conoce a Ren\u00e9 Kernfunke de primera mano y descubre c\u00f3mo podemos ayudarte a alcanzar &#8230; <a title=\"Ren\u00e9\" class=\"read-more\" href=\"https:\/\/kernfunke.com\/es\/equipo\/rene\/\" aria-label=\"Leer m\u00e1s sobre Ren\u00e9\">Leer m\u00e1s<\/a><\/p>\n","protected":false},"author":1,"featured_media":0,"parent":2762,"menu_order":0,"comment_status":"closed","ping_status":"closed","template":"","meta":{"_seopress_robots_primary_cat":"","_seopress_titles_title":"","_seopress_titles_desc":"","_seopress_robots_index":"","_seopress_analysis_target_kw":"","content-type":"","footnotes":""},"class_list":["post-2905","page","type-page","status-publish"],"_links":{"self":[{"href":"https:\/\/kernfunke.com\/es\/wp-json\/wp\/v2\/pages\/2905","targetHints":{"allow":["GET"]}}],"collection":[{"href":"https:\/\/kernfunke.com\/es\/wp-json\/wp\/v2\/pages"}],"about":[{"href":"https:\/\/kernfunke.com\/es\/wp-json\/wp\/v2\/types\/page"}],"author":[{"embeddable":true,"href":"https:\/\/kernfunke.com\/es\/wp-json\/wp\/v2\/users\/1"}],"replies":[{"embeddable":true,"href":"https:\/\/kernfunke.com\/es\/wp-json\/wp\/v2\/comments?post=2905"}],"version-history":[{"count":1,"href":"https:\/\/kernfunke.com\/es\/wp-json\/wp\/v2\/pages\/2905\/revisions"}],"predecessor-version":[{"id":2906,"href":"https:\/\/kernfunke.com\/es\/wp-json\/wp\/v2\/pages\/2905\/revisions\/2906"}],"up":[{"embeddable":true,"href":"https:\/\/kernfunke.com\/es\/wp-json\/wp\/v2\/pages\/2762"}],"wp:attachment":[{"href":"https:\/\/kernfunke.com\/es\/wp-json\/wp\/v2\/media?parent=2905"}],"curies":[{"name":"wp","href":"https:\/\/api.w.org\/{rel}","templated":true}]}}