{"id":2907,"date":"2025-10-17T18:06:51","date_gmt":"2025-10-17T16:06:51","guid":{"rendered":"https:\/\/kernfunke.com\/equipo\/marion\/"},"modified":"2026-01-26T14:38:17","modified_gmt":"2026-01-26T13:38:17","slug":"marion","status":"publish","type":"page","link":"https:\/\/kernfunke.com\/es\/equipo\/marion\/","title":{"rendered":"Marion"},"content":{"rendered":"<div class=\"gb-container gb-container-a7daedef section_inner-mainpage-background-image kf-section\">\n<div class=\"gb-container gb-container-c3f2456b kf-section__inner--1200\">\n<div class=\"gb-container gb-container-466478c7 gbp-section__headline\">\n\n<h1 class=\"gb-headline gb-headline-77f371e9 gb-headline-text\">Hola, soy Marion.<\/h1>\n\n<\/div>\n\n<div class=\"gb-container gb-container-f5e193f0\">\n<div class=\"gb-container gb-container-2aaaf9b6 kf-section__inner-grid-wrap\">\n<div class=\"gb-container gb-container-8b4f5983 kf-sectioninner-grid-2__content\">\n<div class=\"gb-container gb-container-41323076 gbp-team-tile__title kf-decoline-left\">\n\n<h3 class=\"gb-headline gb-headline-4dbf162d gb-headline-text kf-teammember__title--fontsize\">Marion Nakat<\/h3>\n\n\n\n<p class=\"gb-headline gb-headline-69db73ae gb-headline-text\">Jefe de ventas<\/p>\n\n<\/div>\n\n\n<p class=\"gb-headline gb-headline-86153c3f gb-headline-text\">\u00bfNecesitas un poco de orientaci\u00f3n sobre hacia d\u00f3nde ir en el campo del marketing digital, la IA o la automatizaci\u00f3n y qu\u00e9 es posible? Entonces Marion es exactamente el lugar adecuado.<\/p>\n\n\n\n<p class=\"gb-headline gb-headline-b3f45e28 gb-headline-text\">Conoce mejor a Kernfunke y descubre c\u00f3mo podemos ayudarte a alcanzar el siguiente nivel digital.<\/p>\n\n<\/div>\n\n<div class=\"gb-container gb-container-95f5c6a2 kf-sectioninner-grid-2__content\">\n\n<figure class=\"gb-block-image gb-block-image-3a57511e\"><img loading=\"lazy\" decoding=\"async\" width=\"349\" height=\"357\" class=\"gb-image gb-image-3a57511e\" src=\"https:\/\/kernfunke.com\/wp-content\/uploads\/Marion-e1761141715431.png\" alt=\"\" title=\"Marion\"><\/figure>\n\n<\/div>\n<\/div>\n<\/div>\n<\/div>\n<\/div><div class=\"gb-container gb-container-5d7ecdc7 kf-section kf-subpage-why-section__spacing\">\n<div class=\"gb-container gb-container-c81f4f66 kf-section__inner--1400 kf-box\">\n<div class=\"gb-container gb-container-b5788894 kf-section__inner--1200 kf-section__inner--fx-start-col\">\n\n<h2 class=\"gb-headline gb-headline-2debd37a gb-headline-text\">Pide cita ahora<\/h2>\n\n\n<div class=\"gb-container gb-container-9b45844a\">\n\n<div id=\"hubspot-meeting-container\"><\/div>\n<script>\n  function loadHubspotMeeting() {\n    var meetingsDiv = document.createElement(\"div\");\n    meetingsDiv.className = \"meetings-iframe-container\";\n    meetingsDiv.dataset.src = \"https:\/\/meetings-eu1.hubspot.com\/marion-nakat?embed=true\";\n    document.getElementById(\"hubspot-meeting-container\").appendChild(meetingsDiv);\n\n    var s = document.createElement(\"script\");\n    s.src = \"https:\/\/static.hsappstatic.net\/MeetingsEmbed\/ex\/MeetingsEmbedCode.js\";\n    document.body.appendChild(s);\n  }\n\n  \/\/ Direkt nach dem DOM-Ready laden (schneller als \"load\")\n  document.addEventListener(\"DOMContentLoaded\", loadHubspotMeeting);\n<\/script>\n\n<\/div>\n<\/div>\n<\/div>\n<\/div><div class=\"gb-container gb-container-ca50a9f0 alignfull kf-section\">\n<div class=\"gb-container gb-container-dcda7cd6 kf-section__inner--1200\">\n<div class=\"gb-container gb-container-7ff7e7c4 direct_contact_container kf-box kf-contact-jumpbox\"><a class=\"gb-container-link\" href=\"\/wp-content\/uploads\/vcards\/Marion_Nakat.vcf\"><\/a>\n\n<figure class=\"gb-block-image gb-block-image-b729af2e\"><img loading=\"lazy\" decoding=\"async\" width=\"64\" height=\"64\" class=\"gb-image gb-image-b729af2e team_contact_icon\" src=\"https:\/\/kernfunke.com\/wp-content\/uploads\/vcf-file-format-variant-svgrepo-com.svg\" alt=\"\" title=\"formato-archivo-vcf\"><\/figure>\n\n\n<div class=\"gb-container gb-container-a8fc11ca\">\n\n<p class=\"gb-headline gb-headline-3eba8e6a gb-headline-text gbp-contact__sub-contact__heading\">vCard<\/p>\n\n\n\n<p class=\"gb-headline gb-headline-73eedb2c gb-headline-text gbp-contact__sub-contact__content\"><a href=\"\/wp-content\/uploads\/vcards\/Marion_Nakat.vcf\">Descargar tarjeta de visita digital<br><\/a><\/p>\n\n<\/div>\n<\/div>\n\n<div class=\"gb-container gb-container-7cf82b6a direct_contact_container kf-box kf-contact-jumpbox\"><a class=\"gb-container-link\" href=\"https:\/\/www.linkedin.com\/in\/marion-nakat-581ab1286\/\" rel=\"noopener noreferrer\" target=\"_blank\"><\/a>\n\n<figure class=\"gb-block-image gb-block-image-9cf5ebb8\"><img loading=\"lazy\" decoding=\"async\" width=\"64\" height=\"64\" class=\"gb-image gb-image-9cf5ebb8 team_contact_icon\" src=\"https:\/\/kernfunke.com\/wp-content\/uploads\/linkedin-rounded-border-svgrepo-com.svg\" alt=\"\" title=\"linkedin\"><\/figure>\n\n\n<div class=\"gb-container gb-container-61cfaf38\">\n\n<p class=\"gb-headline gb-headline-8d32daa7 gb-headline-text gbp-contact__sub-contact__heading\">LinkedIn<\/p>\n\n\n\n<p class=\"gb-headline gb-headline-dc08bfc2 gb-headline-text gbp-contact__sub-contact__content\"><a href=\"https:\/\/www.linkedin.com\/in\/marion-nakat-581ab1286\/\" target=\"_blank\" rel=\"noreferrer noopener\">Marion en LinkedIn<\/a><\/p>\n\n<\/div>\n<\/div>\n<\/div>\n<\/div>","protected":false},"excerpt":{"rendered":"<p>Hola, soy Marion. Marion Nakat Jefe de ventas \u00bfNecesitas un poco de orientaci\u00f3n sobre hacia d\u00f3nde ir en el campo del marketing digital, la IA o la automatizaci\u00f3n y qu\u00e9 es posible? Entonces Marion es exactamente el lugar adecuado. Conoce mejor a Kernfunke y descubre c\u00f3mo podemos ayudarte a alcanzar el siguiente nivel digital. Pide &#8230; <a title=\"Marion\" class=\"read-more\" href=\"https:\/\/kernfunke.com\/es\/equipo\/marion\/\" aria-label=\"Leer m\u00e1s sobre Marion\">Leer m\u00e1s<\/a><\/p>\n","protected":false},"author":1,"featured_media":0,"parent":2762,"menu_order":0,"comment_status":"closed","ping_status":"closed","template":"","meta":{"_seopress_robots_primary_cat":"","_seopress_titles_title":"","_seopress_titles_desc":"","_seopress_robots_index":"","_seopress_analysis_target_kw":"","content-type":"","footnotes":""},"class_list":["post-2907","page","type-page","status-publish"],"_links":{"self":[{"href":"https:\/\/kernfunke.com\/es\/wp-json\/wp\/v2\/pages\/2907","targetHints":{"allow":["GET"]}}],"collection":[{"href":"https:\/\/kernfunke.com\/es\/wp-json\/wp\/v2\/pages"}],"about":[{"href":"https:\/\/kernfunke.com\/es\/wp-json\/wp\/v2\/types\/page"}],"author":[{"embeddable":true,"href":"https:\/\/kernfunke.com\/es\/wp-json\/wp\/v2\/users\/1"}],"replies":[{"embeddable":true,"href":"https:\/\/kernfunke.com\/es\/wp-json\/wp\/v2\/comments?post=2907"}],"version-history":[{"count":1,"href":"https:\/\/kernfunke.com\/es\/wp-json\/wp\/v2\/pages\/2907\/revisions"}],"predecessor-version":[{"id":2910,"href":"https:\/\/kernfunke.com\/es\/wp-json\/wp\/v2\/pages\/2907\/revisions\/2910"}],"up":[{"embeddable":true,"href":"https:\/\/kernfunke.com\/es\/wp-json\/wp\/v2\/pages\/2762"}],"wp:attachment":[{"href":"https:\/\/kernfunke.com\/es\/wp-json\/wp\/v2\/media?parent=2907"}],"curies":[{"name":"wp","href":"https:\/\/api.w.org\/{rel}","templated":true}]}}